{"id":7,"date":"2011-11-24T14:46:27","date_gmt":"2011-11-24T13:46:27","guid":{"rendered":"http:\/\/burg-oybin.ol-d.de\/?page_id=7"},"modified":"2023-04-16T20:33:34","modified_gmt":"2023-04-16T18:33:34","slug":"home","status":"publish","type":"page","link":"https:\/\/burg-oybin.ol-d.de\/","title":{"rendered":"Willkommen"},"content":{"rendered":"<h1 style=\"text-align: center;\"><strong>Burg und Kloster Oybin<\/strong><\/h1>\n<p style=\"text-align: center;\"><strong>Lassen Sie sich verzaubern in einer Sagenumwobenen Berg- und Burgf\u00fchrung mit Magd Brunhilde auf der Burg und Klosteranlage Oybin<\/strong><\/p>\n<p style=\"text-align: center;\"><a href=\"http:\/\/burg-oybin.ol-d.de\/wp-content\/uploads\/2011\/11\/Burg.jpg\"><img loading=\"lazy\" decoding=\"async\" class=\"aligncenter size-full wp-image-96\" title=\"Burg\" src=\"http:\/\/burg-oybin.ol-d.de\/wp-content\/uploads\/2011\/11\/Burg.jpg\" alt=\"\" width=\"400\" height=\"296\" srcset=\"https:\/\/burg-oybin.ol-d.de\/wp-content\/uploads\/2011\/11\/Burg.jpg 400w, https:\/\/burg-oybin.ol-d.de\/wp-content\/uploads\/2011\/11\/Burg-300x222.jpg 300w\" sizes=\"auto, (max-width: 400px) 100vw, 400px\" \/><\/a><\/p>\n<h2 style=\"text-align: center;\">G\u00e4stef\u00fchrungen<\/h2>\n<h2 style=\"text-align: center;\">Sagen &#8211; Legenden &#8211; Geschichte<\/h2>\n<h2 style=\"text-align: center;\">Veranstaltungen in historischen<\/h2>\n<h2 style=\"text-align: center;\">Gew\u00e4ndern<\/h2>\n<h3 style=\"text-align: center;\">&#8211; Eine kleine Zeitreise &#8211;<\/h3>\n<p><img loading=\"lazy\" decoding=\"async\" src=\"http:\/\/www.burg-oybin.de\/assets\/images\/autogen\/clearpixel.gif\" alt=\"\" width=\"33\" height=\"1\" border=\"0\"><\/p>\n","protected":false},"excerpt":{"rendered":"<p>Burg und Kloster Oybin Lassen Sie sich verzaubern in einer Sagenumwobenen Berg- und Burgf\u00fchrung mit Magd Brunhilde auf der Burg und Klosteranlage Oybin G\u00e4stef\u00fchrungen Sagen &#8211; Legenden &#8211; Geschichte Veranstaltungen in historischen Gew\u00e4ndern &#8211; Eine kleine Zeitreise &#8211;<\/p>\n","protected":false},"author":3,"featured_media":0,"parent":0,"menu_order":1,"comment_status":"closed","ping_status":"closed","template":"","meta":{"ngg_post_thumbnail":0,"footnotes":""},"class_list":["post-7","page","type-page","status-publish","hentry"],"_links":{"self":[{"href":"https:\/\/burg-oybin.ol-d.de\/index.php?rest_route=\/wp\/v2\/pages\/7","targetHints":{"allow":["GET"]}}],"collection":[{"href":"https:\/\/burg-oybin.ol-d.de\/index.php?rest_route=\/wp\/v2\/pages"}],"about":[{"href":"https:\/\/burg-oybin.ol-d.de\/index.php?rest_route=\/wp\/v2\/types\/page"}],"author":[{"embeddable":true,"href":"https:\/\/burg-oybin.ol-d.de\/index.php?rest_route=\/wp\/v2\/users\/3"}],"replies":[{"embeddable":true,"href":"https:\/\/burg-oybin.ol-d.de\/index.php?rest_route=%2Fwp%2Fv2%2Fcomments&post=7"}],"version-history":[{"count":12,"href":"https:\/\/burg-oybin.ol-d.de\/index.php?rest_route=\/wp\/v2\/pages\/7\/revisions"}],"predecessor-version":[{"id":232033,"href":"https:\/\/burg-oybin.ol-d.de\/index.php?rest_route=\/wp\/v2\/pages\/7\/revisions\/232033"}],"wp:attachment":[{"href":"https:\/\/burg-oybin.ol-d.de\/index.php?rest_route=%2Fwp%2Fv2%2Fmedia&parent=7"}],"curies":[{"name":"wp","href":"https:\/\/api.w.org\/{rel}","templated":true}]}}